{"id":73,"date":"2021-01-07T00:19:40","date_gmt":"2021-01-06T23:19:40","guid":{"rendered":"http:\/\/mazurskie.tropy.net\/?page_id=73"},"modified":"2024-07-29T20:40:06","modified_gmt":"2024-07-29T20:40:06","slug":"zapisy","status":"publish","type":"page","link":"https:\/\/mazowieckie.tropy.net\/index.php\/zapisy\/","title":{"rendered":"Zapisy"},"content":{"rendered":"<div data-colibri-id=\"73-c1\" class=\"style-535 style-local-73-c1 position-relative\">\n  <!---->\n  <div data-colibri-component=\"section\" data-colibri-id=\"73-c6\" id=\"custom\" class=\"h-section h-section-global-spacing d-flex align-items-lg-center align-items-md-center align-items-center style-540 style-local-73-c6 position-relative\">\n    <!---->\n    <!---->\n    <div class=\"h-section-grid-container h-section-boxed-container\">\n      <!---->\n      <div data-colibri-id=\"73-c7\" class=\"h-row-container gutters-row-lg-0 gutters-row-md-0 gutters-row-0 gutters-row-v-lg-0 gutters-row-v-md-0 gutters-row-v-0 style-541 style-local-73-c7 position-relative\">\n        <!---->\n        <div class=\"h-row justify-content-lg-center justify-content-md-center justify-content-center align-items-lg-stretch align-items-md-stretch align-items-stretch gutters-col-lg-0 gutters-col-md-0 gutters-col-0 gutters-col-v-lg-0 gutters-col-v-md-0 gutters-col-v-0\">\n          <!---->\n          <div class=\"h-column h-column-container d-flex h-col-lg-auto h-col-md-auto h-col-auto style-542-outer style-local-73-c8-outer\">\n            <div data-colibri-id=\"73-c8\" class=\"d-flex h-flex-basis h-column__inner h-px-lg-0 h-px-md-0 h-px-0 v-inner-lg-0 v-inner-md-0 v-inner-0 style-542 style-local-73-c8 position-relative\">\n              <!---->\n              <!---->\n              <div class=\"w-100 h-y-container h-column__content h-column__v-align flex-basis-100 align-self-lg-start align-self-md-start align-self-start\">\n                <!---->\n                <div data-colibri-id=\"73-c9\" class=\"h-text h-text-component style-543 style-local-73-c9 position-relative h-element\">\n                  <!---->\n                  <!---->\n                  <div class=\"\">\n                    <p>Aby zapisa\u0107 si\u0119 na rajd wejd\u017a w zak\u0142adk\u0119 Rejestracja<\/p>\n                  <\/div>\n                <\/div>\n              <\/div>\n            <\/div>\n          <\/div>\n        <\/div>\n      <\/div>\n    <\/div>\n  <\/div>\n<\/div>","protected":false},"excerpt":{"rendered":"<p>Aby zapisa\u0107 si\u0119 na rajd wejd\u017a w zak\u0142adk\u0119 Rejestracja<\/p>\n","protected":false},"author":1,"featured_media":0,"parent":0,"menu_order":0,"comment_status":"closed","ping_status":"closed","template":"page-templates\/full-width-page.php","meta":{"footnotes":""},"class_list":["post-73","page","type-page","status-publish","hentry"],"_links":{"self":[{"href":"https:\/\/mazowieckie.tropy.net\/index.php\/wp-json\/wp\/v2\/pages\/73","targetHints":{"allow":["GET"]}}],"collection":[{"href":"https:\/\/mazowieckie.tropy.net\/index.php\/wp-json\/wp\/v2\/pages"}],"about":[{"href":"https:\/\/mazowieckie.tropy.net\/index.php\/wp-json\/wp\/v2\/types\/page"}],"author":[{"embeddable":true,"href":"https:\/\/mazowieckie.tropy.net\/index.php\/wp-json\/wp\/v2\/users\/1"}],"replies":[{"embeddable":true,"href":"https:\/\/mazowieckie.tropy.net\/index.php\/wp-json\/wp\/v2\/comments?post=73"}],"version-history":[{"count":2,"href":"https:\/\/mazowieckie.tropy.net\/index.php\/wp-json\/wp\/v2\/pages\/73\/revisions"}],"predecessor-version":[{"id":5372,"href":"https:\/\/mazowieckie.tropy.net\/index.php\/wp-json\/wp\/v2\/pages\/73\/revisions\/5372"}],"wp:attachment":[{"href":"https:\/\/mazowieckie.tropy.net\/index.php\/wp-json\/wp\/v2\/media?parent=73"}],"curies":[{"name":"wp","href":"https:\/\/api.w.org\/{rel}","templated":true}]}}