{"id":2329,"date":"2021-08-02T00:35:12","date_gmt":"2021-08-01T22:35:12","guid":{"rendered":"https:\/\/mazurskie.tropy.net\/?page_id=2329"},"modified":"2025-09-24T14:40:16","modified_gmt":"2025-09-24T14:40:16","slug":"ankieta-po-zawodach","status":"publish","type":"page","link":"https:\/\/mazowieckie.tropy.net\/index.php\/ankieta-po-zawodach\/","title":{"rendered":"Ankieta po zawodach"},"content":{"rendered":"<div data-colibri-id=\"2329-c1\" class=\"style-1005 style-local-2329-c1 position-relative\">\n  <!---->\n<\/div>\n\n\n<p class=\"has-colibri-color-6-color has-text-color\"><mark style=\"background-color:rgba(0, 0, 0, 0)\" class=\"has-inline-color has-colibri-color-5-color\">Zach\u0119camy do wype\u0142nienia ankiety<\/mark><\/p>\n\n\n\n<p><mark style=\"background-color:#FFFFFF\" class=\"has-inline-color has-colibri-color-6-color\">Zach\u0119camy do wype\u0142nienia Ank<\/mark>iety <a href=\"https:\/\/forms.gle\/JXo4GQae2nAXgzzN6\"> https:\/\/forms.gle\/JXo4GQae2nAXgzzN6<\/a><mark style=\"background-color:#FFFFFF\" class=\"has-inline-color has-colibri-color-6-color\">, kt\u00f3ra pomo\u017ce nam lepiej zorganizowa\u0107 kolejne rajdy.<\/mark><\/p>\n","protected":false},"excerpt":{"rendered":"<p>Zach\u0119camy do wype\u0142nienia ankiety Zach\u0119camy do wype\u0142nienia Ankiety https:\/\/forms.gle\/JXo4GQae2nAXgzzN6, kt\u00f3ra pomo\u017ce nam lepiej zorganizowa\u0107 kolejne rajdy.<\/p>\n","protected":false},"author":1,"featured_media":0,"parent":0,"menu_order":0,"comment_status":"closed","ping_status":"closed","template":"page-templates\/full-width-page.php","meta":{"footnotes":""},"class_list":["post-2329","page","type-page","status-publish","hentry"],"_links":{"self":[{"href":"https:\/\/mazowieckie.tropy.net\/index.php\/wp-json\/wp\/v2\/pages\/2329","targetHints":{"allow":["GET"]}}],"collection":[{"href":"https:\/\/mazowieckie.tropy.net\/index.php\/wp-json\/wp\/v2\/pages"}],"about":[{"href":"https:\/\/mazowieckie.tropy.net\/index.php\/wp-json\/wp\/v2\/types\/page"}],"author":[{"embeddable":true,"href":"https:\/\/mazowieckie.tropy.net\/index.php\/wp-json\/wp\/v2\/users\/1"}],"replies":[{"embeddable":true,"href":"https:\/\/mazowieckie.tropy.net\/index.php\/wp-json\/wp\/v2\/comments?post=2329"}],"version-history":[{"count":4,"href":"https:\/\/mazowieckie.tropy.net\/index.php\/wp-json\/wp\/v2\/pages\/2329\/revisions"}],"predecessor-version":[{"id":6100,"href":"https:\/\/mazowieckie.tropy.net\/index.php\/wp-json\/wp\/v2\/pages\/2329\/revisions\/6100"}],"wp:attachment":[{"href":"https:\/\/mazowieckie.tropy.net\/index.php\/wp-json\/wp\/v2\/media?parent=2329"}],"curies":[{"name":"wp","href":"https:\/\/api.w.org\/{rel}","templated":true}]}}