{"id":128,"date":"2021-01-09T00:15:51","date_gmt":"2021-01-08T23:15:51","guid":{"rendered":"https:\/\/mazurskie.tropy.net\/?page_id=128"},"modified":"2026-04-13T14:37:23","modified_gmt":"2026-04-13T14:37:23","slug":"rejestracja","status":"publish","type":"page","link":"https:\/\/mazowieckie.tropy.net\/index.php\/rejestracja\/","title":{"rendered":"Rejestracja"},"content":{"rendered":"\n<p class=\"has-text-align-center\"><mark style=\"background-color:rgba(0, 0, 0, 0)\" class=\"has-inline-color has-colibri-color-5-color\">x<\/mark><\/p>\n\n\n\n<p class=\"has-text-align-center has-colibri-color-6-color has-text-color\"><strong><mark style=\"background-color:#FFFFFF\" class=\"has-inline-color has-colibri-color-6-color\">Zapisy na edycj\u0119 2026 rozpoczn\u0105 si\u0119 w maju 2026<\/mark><\/strong><\/p>\n\n\n\n<div class=\"wp-block-buttons is-layout-flex wp-block-buttons-is-layout-flex\">\n<div class=\"wp-block-button aligncenter\"><a class=\"wp-block-button__link wp-element-button\">Zapisz si\u0119<\/a><\/div>\n<\/div>\n\n\n\n<p class=\"has-text-align-center\"><\/p>\n","protected":false},"excerpt":{"rendered":"<p>x Zapisy na edycj\u0119 2026 rozpoczn\u0105 si\u0119 w maju 2026<\/p>\n","protected":false},"author":1,"featured_media":0,"parent":0,"menu_order":0,"comment_status":"closed","ping_status":"closed","template":"page-templates\/full-width-page.php","meta":{"footnotes":""},"class_list":["post-128","page","type-page","status-publish","hentry"],"_links":{"self":[{"href":"https:\/\/mazowieckie.tropy.net\/index.php\/wp-json\/wp\/v2\/pages\/128","targetHints":{"allow":["GET"]}}],"collection":[{"href":"https:\/\/mazowieckie.tropy.net\/index.php\/wp-json\/wp\/v2\/pages"}],"about":[{"href":"https:\/\/mazowieckie.tropy.net\/index.php\/wp-json\/wp\/v2\/types\/page"}],"author":[{"embeddable":true,"href":"https:\/\/mazowieckie.tropy.net\/index.php\/wp-json\/wp\/v2\/users\/1"}],"replies":[{"embeddable":true,"href":"https:\/\/mazowieckie.tropy.net\/index.php\/wp-json\/wp\/v2\/comments?post=128"}],"version-history":[{"count":13,"href":"https:\/\/mazowieckie.tropy.net\/index.php\/wp-json\/wp\/v2\/pages\/128\/revisions"}],"predecessor-version":[{"id":6203,"href":"https:\/\/mazowieckie.tropy.net\/index.php\/wp-json\/wp\/v2\/pages\/128\/revisions\/6203"}],"wp:attachment":[{"href":"https:\/\/mazowieckie.tropy.net\/index.php\/wp-json\/wp\/v2\/media?parent=128"}],"curies":[{"name":"wp","href":"https:\/\/api.w.org\/{rel}","templated":true}]}}